{"id":120,"date":"2020-03-28T22:45:05","date_gmt":"2020-03-28T22:45:05","guid":{"rendered":"http:\/\/smartmodels.pl\/?page_id=120"},"modified":"2021-02-03T14:04:52","modified_gmt":"2021-02-03T12:04:52","slug":"home_pl","status":"publish","type":"page","link":"https:\/\/smartmodels.pl\/index.php\/pl\/home_pl\/","title":{"rendered":"Start"},"content":{"rendered":"\n<h2>Witaj na stronie SmartModels!<\/h2>\n\n\n\n<p style=\"font-size:15px\">Ciekawo\u015b\u0107 \u015bwiata oraz ch\u0119\u0107 jego poznania towarzyszy cz\u0142owiekowi od zawsze. Naukowcy od wiek\u00f3w pr\u00f3buj\u0105 zrozumie\u0107 oraz wyja\u015bni\u0107 z\u0142o\u017cone zjawiska zachodz\u0105ce w otaczaj\u0105cej nas rzeczywisto\u015bci. Formu\u0142uj\u0105 teorie, przeprowadzaj\u0105 eksperymenty oraz buduj\u0105 modele,&nbsp; za pomoc\u0105 kt\u00f3rych mog\u0105 w uproszczony spos\u00f3b opisa\u0107 (modelowa\u0107) &nbsp;oraz analizowa\u0107 dany aspekt rzeczywisto\u015bci.<\/p>\n\n\n\n<p style=\"font-size:15px\">Wsp\u00f3\u0142czesny rozw\u00f3j nauki i techniki zdominowany jest przez technologie cyfrowe, kt\u00f3re wkraczaj\u0105 w kolejne dziedziny naszego \u017cycia. Ka\u017cdego dnia algorytmy analizuj\u0105 niezliczone ilo\u015bci danych wp\u0142ywaj\u0105c bezpo\u015brednio lub po\u015brednio na zachowania ludzi i podejmowane przez nich decyzje. Coraz cz\u0119\u015bciej rozwi\u0105zania te oparte s\u0105 na modelach uczenia maszynowego lub tzw. <em>Sztucznej Inteligencji.<\/em><\/p>\n\n\n\n<p style=\"font-size:15px\">SmartModels powsta\u0142o w wyniku pasji do modelowania, programowania oraz ch\u0119ci zastosowania algorytm\u00f3w uczenia maszynowego w praktyce.<\/p>\n\n\n\n<p style=\"font-size:15px\">Chcia\u0142bym zaprezentowa\u0107 projekt ma\u0142ego autonomicznego samochodu zbudowanego na podstawie elektrycznego modelu RC \u00a0(ang. radio\/remote control). By\u0107 mo\u017ce temat kogo\u015b zainteresuje i stanie si\u0119 dla niego inspiracj\u0105. Jednocze\u015bnie jestem otwarty na nowe pomys\u0142y i wymian\u0119 do\u015bwiadcze\u0144.<\/p>\n","protected":false},"excerpt":{"rendered":"<p>Witaj na stronie SmartModels! Ciekawo\u015b\u0107 \u015bwiata oraz ch\u0119\u0107 jego poznania towarzyszy cz\u0142owiekowi od zawsze. Naukowcy od wiek\u00f3w pr\u00f3buj\u0105 zrozumie\u0107 oraz wyja\u015bni\u0107 z\u0142o\u017cone zjawiska zachodz\u0105ce w otaczaj\u0105cej nas rzeczywisto\u015bci. Formu\u0142uj\u0105 teorie, przeprowadzaj\u0105 eksperymenty oraz buduj\u0105 modele,&nbsp; za pomoc\u0105 kt\u00f3rych mog\u0105 w uproszczony spos\u00f3b opisa\u0107 (modelowa\u0107) &nbsp;oraz analizowa\u0107 dany aspekt rzeczywisto\u015bci. Wsp\u00f3\u0142czesny rozw\u00f3j nauki i techniki zdominowany &hellip; <\/p>\n<p class=\"link-more\"><a href=\"https:\/\/smartmodels.pl\/index.php\/pl\/home_pl\/\" class=\"more-link\">Continue reading<span class=\"screen-reader-text\"> &#8220;Start&#8221;<\/span><\/a><\/p>\n","protected":false},"author":1,"featured_media":0,"parent":0,"menu_order":0,"comment_status":"closed","ping_status":"closed","template":"","meta":[],"_links":{"self":[{"href":"https:\/\/smartmodels.pl\/index.php\/wp-json\/wp\/v2\/pages\/120"}],"collection":[{"href":"https:\/\/smartmodels.pl\/index.php\/wp-json\/wp\/v2\/pages"}],"about":[{"href":"https:\/\/smartmodels.pl\/index.php\/wp-json\/wp\/v2\/types\/page"}],"author":[{"embeddable":true,"href":"https:\/\/smartmodels.pl\/index.php\/wp-json\/wp\/v2\/users\/1"}],"replies":[{"embeddable":true,"href":"https:\/\/smartmodels.pl\/index.php\/wp-json\/wp\/v2\/comments?post=120"}],"version-history":[{"count":10,"href":"https:\/\/smartmodels.pl\/index.php\/wp-json\/wp\/v2\/pages\/120\/revisions"}],"predecessor-version":[{"id":839,"href":"https:\/\/smartmodels.pl\/index.php\/wp-json\/wp\/v2\/pages\/120\/revisions\/839"}],"wp:attachment":[{"href":"https:\/\/smartmodels.pl\/index.php\/wp-json\/wp\/v2\/media?parent=120"}],"curies":[{"name":"wp","href":"https:\/\/api.w.org\/{rel}","templated":true}]}}