{"id":171,"date":"2020-03-29T15:13:39","date_gmt":"2020-03-29T15:13:39","guid":{"rendered":"http:\/\/smartmodels.pl\/?page_id=171"},"modified":"2021-02-03T14:14:19","modified_gmt":"2021-02-03T12:14:19","slug":"vision-pl","status":"publish","type":"page","link":"https:\/\/smartmodels.pl\/index.php\/pl\/about-pl\/vision-pl\/","title":{"rendered":"Wizja"},"content":{"rendered":"\n<h2>Wizja<\/h2>\n\n\n\n<p style=\"font-size:15px\">SmartModels powsta\u0142o w celu zaprezentowania mo\u017cliwo\u015bci zastosowania algorytm\u00f3w uczenia maszynowego w praktyce.<\/p>\n\n\n\n<p style=\"font-size:15px\">Model ma\u0142ego autonomicznego samochodu je\u017cd\u017c\u0105cego po mini torze wy\u015bcigowym jest pierwszym projektem ale temat jest z\u0142o\u017cony i istnieje szerokie pole do wprowadzania usprawnie\u0144.<\/p>\n\n\n\n<p style=\"font-size:15px\">Projekt mo\u017cna rozwija\u0107 w wielu wymiarach ale jednym z ciekawszych wydaje si\u0119 by\u0107 przygotowanie przejazdu dw\u00f3ch autonomicznych samochod\u00f3w. Id\u0105c dalej, w przysz\u0142o\u015bci mo\u017cna by by\u0142o zorganizowa\u0107 wy\u015bcigi takich mini modeli autonomicznych.<\/p>\n\n\n\n<p style=\"font-size:15px\">Kolejnym, r\u00f3wnie interesuj\u0105cym projektem, by\u0142oby wykorzystanie algorytm\u00f3w uczenia maszynowego do sterowania dronami. Pomys\u0142 nie jest nowy, ale stworzenie w\u0142asnego modelu sterowania dronem by\u0142oby kolejnym ciekawym wyzwaniem i \u017ar\u00f3d\u0142em nowych do\u015bwiadcze\u0144.<\/p>\n\n\n\n<p style=\"font-size:15px\">To tylko niewielka cz\u0119\u015b\u0107 pomys\u0142\u00f3w, kt\u00f3re mo\u017cna by by\u0142o zrealizowa\u0107 ale niestety niewielka ilo\u015b\u0107 wolnego czasu jest istotnym ograniczeniem. Niemniej jednak, w miar\u0119 mo\u017cliwo\u015bci postaram si\u0119 dalej rozwija\u0107 SmartModels.<\/p>\n","protected":false},"excerpt":{"rendered":"<p>Wizja SmartModels powsta\u0142o w celu zaprezentowania mo\u017cliwo\u015bci zastosowania algorytm\u00f3w uczenia maszynowego w praktyce. Model ma\u0142ego autonomicznego samochodu je\u017cd\u017c\u0105cego po mini torze wy\u015bcigowym jest pierwszym projektem ale temat jest z\u0142o\u017cony i istnieje szerokie pole do wprowadzania usprawnie\u0144. Projekt mo\u017cna rozwija\u0107 w wielu wymiarach ale jednym z ciekawszych wydaje si\u0119 by\u0107 przygotowanie przejazdu dw\u00f3ch autonomicznych samochod\u00f3w. Id\u0105c &hellip; <\/p>\n<p class=\"link-more\"><a href=\"https:\/\/smartmodels.pl\/index.php\/pl\/about-pl\/vision-pl\/\" class=\"more-link\">Continue reading<span class=\"screen-reader-text\"> &#8220;Wizja&#8221;<\/span><\/a><\/p>\n","protected":false},"author":1,"featured_media":0,"parent":52,"menu_order":0,"comment_status":"closed","ping_status":"closed","template":"","meta":[],"_links":{"self":[{"href":"https:\/\/smartmodels.pl\/index.php\/wp-json\/wp\/v2\/pages\/171"}],"collection":[{"href":"https:\/\/smartmodels.pl\/index.php\/wp-json\/wp\/v2\/pages"}],"about":[{"href":"https:\/\/smartmodels.pl\/index.php\/wp-json\/wp\/v2\/types\/page"}],"author":[{"embeddable":true,"href":"https:\/\/smartmodels.pl\/index.php\/wp-json\/wp\/v2\/users\/1"}],"replies":[{"embeddable":true,"href":"https:\/\/smartmodels.pl\/index.php\/wp-json\/wp\/v2\/comments?post=171"}],"version-history":[{"count":8,"href":"https:\/\/smartmodels.pl\/index.php\/wp-json\/wp\/v2\/pages\/171\/revisions"}],"predecessor-version":[{"id":842,"href":"https:\/\/smartmodels.pl\/index.php\/wp-json\/wp\/v2\/pages\/171\/revisions\/842"}],"up":[{"embeddable":true,"href":"https:\/\/smartmodels.pl\/index.php\/wp-json\/wp\/v2\/pages\/52"}],"wp:attachment":[{"href":"https:\/\/smartmodels.pl\/index.php\/wp-json\/wp\/v2\/media?parent=171"}],"curies":[{"name":"wp","href":"https:\/\/api.w.org\/{rel}","templated":true}]}}