{"id":345,"date":"2020-03-30T08:21:53","date_gmt":"2020-03-30T08:21:53","guid":{"rendered":"http:\/\/smartmodels.pl\/?page_id=345"},"modified":"2021-02-01T19:47:26","modified_gmt":"2021-02-01T17:47:26","slug":"smart-model-1-0-track-pl","status":"publish","type":"page","link":"https:\/\/smartmodels.pl\/index.php\/pl\/models-pl\/smart-model-1-0-track-pl\/","title":{"rendered":"SmartModel Car \u2013 tor"},"content":{"rendered":"\n<h2>Tor<\/h2>\n\n\n\n<p style=\"font-size:15px\">Model toru zosta\u0142 zaprojektowany i zbudowany w Blenderze a nast\u0119pnie wykorzystany w symulatorze stworzonym w Unreal Engine 4. <\/p>\n\n\n\n<p style=\"font-size:15px\">Jednocze\u015bnie powsta\u0142 tor rzeczywisty na kt\u00f3rym by\u0142y przeprowadzane eksperymenty i jazdy testowe.<\/p>\n\n\n\n<hr class=\"wp-block-separator\"\/>\n\n\n\n<p>Parametry:<br>&#8211; wymiary: 16m x 10m<br>&#8211; szeroko\u015b\u0107: 2m<br>&#8211; d\u0142ugo\u015b\u0107: ok 75m<\/p>\n\n\n\n<hr class=\"wp-block-separator\"\/>\n\n\n\n<p style=\"font-size:15px\">Model 3D w Blenderze.<\/p>\n\n\n\n<div class=\"wp-block-columns\">\n<div class=\"wp-block-column\">\n<figure class=\"wp-block-image size-large\"><a href=\"http:\/\/smartmodels.pl\/wp-content\/uploads\/2021\/01\/sm_track_project_blender1L.jpg\"><img loading=\"lazy\" width=\"1024\" height=\"576\" src=\"http:\/\/smartmodels.pl\/wp-content\/uploads\/2021\/01\/sm_track_project_blender1L-1024x576.jpg\" alt=\"\" class=\"wp-image-681\" srcset=\"https:\/\/smartmodels.pl\/wp-content\/uploads\/2021\/01\/sm_track_project_blender1L-1024x576.jpg 1024w, https:\/\/smartmodels.pl\/wp-content\/uploads\/2021\/01\/sm_track_project_blender1L-300x169.jpg 300w, https:\/\/smartmodels.pl\/wp-content\/uploads\/2021\/01\/sm_track_project_blender1L-768x432.jpg 768w, https:\/\/smartmodels.pl\/wp-content\/uploads\/2021\/01\/sm_track_project_blender1L.jpg 1144w\" sizes=\"(max-width: 767px) 89vw, (max-width: 1000px) 54vw, (max-width: 1071px) 543px, 580px\" \/><\/a><\/figure>\n<\/div>\n\n\n\n<div class=\"wp-block-column\">\n<figure class=\"wp-block-image size-large\"><a href=\"http:\/\/smartmodels.pl\/wp-content\/uploads\/2021\/01\/sm_track_project_blender2L.jpg\"><img loading=\"lazy\" width=\"1024\" height=\"576\" src=\"http:\/\/smartmodels.pl\/wp-content\/uploads\/2021\/01\/sm_track_project_blender2L-1024x576.jpg\" alt=\"\" class=\"wp-image-682\" srcset=\"https:\/\/smartmodels.pl\/wp-content\/uploads\/2021\/01\/sm_track_project_blender2L-1024x576.jpg 1024w, https:\/\/smartmodels.pl\/wp-content\/uploads\/2021\/01\/sm_track_project_blender2L-300x169.jpg 300w, https:\/\/smartmodels.pl\/wp-content\/uploads\/2021\/01\/sm_track_project_blender2L-768x432.jpg 768w, https:\/\/smartmodels.pl\/wp-content\/uploads\/2021\/01\/sm_track_project_blender2L.jpg 1201w\" sizes=\"(max-width: 767px) 89vw, (max-width: 1000px) 54vw, (max-width: 1071px) 543px, 580px\" \/><\/a><\/figure>\n<\/div>\n<\/div>\n\n\n\n<hr class=\"wp-block-separator\"\/>\n\n\n\n<p style=\"font-size:15px\">Model 3D w Unreal Engine 4.<\/p>\n\n\n\n<div class=\"wp-block-columns\">\n<div class=\"wp-block-column\">\n<figure class=\"wp-block-image size-large\"><a href=\"http:\/\/smartmodels.pl\/wp-content\/uploads\/2021\/01\/sm_track_project_ue1aL.jpg\"><img loading=\"lazy\" width=\"1024\" height=\"576\" src=\"http:\/\/smartmodels.pl\/wp-content\/uploads\/2021\/01\/sm_track_project_ue1aL-1024x576.jpg\" alt=\"\" class=\"wp-image-683\" srcset=\"https:\/\/smartmodels.pl\/wp-content\/uploads\/2021\/01\/sm_track_project_ue1aL-1024x576.jpg 1024w, https:\/\/smartmodels.pl\/wp-content\/uploads\/2021\/01\/sm_track_project_ue1aL-300x169.jpg 300w, https:\/\/smartmodels.pl\/wp-content\/uploads\/2021\/01\/sm_track_project_ue1aL-768x432.jpg 768w, https:\/\/smartmodels.pl\/wp-content\/uploads\/2021\/01\/sm_track_project_ue1aL.jpg 1216w\" sizes=\"(max-width: 767px) 89vw, (max-width: 1000px) 54vw, (max-width: 1071px) 543px, 580px\" \/><\/a><\/figure>\n<\/div>\n\n\n\n<div class=\"wp-block-column\">\n<figure class=\"wp-block-image size-large\"><a href=\"http:\/\/smartmodels.pl\/wp-content\/uploads\/2021\/01\/sm_track_project_ue2bL.jpg\"><img loading=\"lazy\" width=\"1024\" height=\"576\" src=\"http:\/\/smartmodels.pl\/wp-content\/uploads\/2021\/01\/sm_track_project_ue2bL-1024x576.jpg\" alt=\"\" class=\"wp-image-684\" srcset=\"https:\/\/smartmodels.pl\/wp-content\/uploads\/2021\/01\/sm_track_project_ue2bL-1024x576.jpg 1024w, https:\/\/smartmodels.pl\/wp-content\/uploads\/2021\/01\/sm_track_project_ue2bL-300x169.jpg 300w, https:\/\/smartmodels.pl\/wp-content\/uploads\/2021\/01\/sm_track_project_ue2bL-768x432.jpg 768w, https:\/\/smartmodels.pl\/wp-content\/uploads\/2021\/01\/sm_track_project_ue2bL.jpg 1202w\" sizes=\"(max-width: 767px) 89vw, (max-width: 1000px) 54vw, (max-width: 1071px) 543px, 580px\" \/><\/a><\/figure>\n<\/div>\n<\/div>\n\n\n\n<hr class=\"wp-block-separator\"\/>\n\n\n\n<p style=\"font-size:15px\">Tor rzeczywisty.<\/p>\n\n\n\n<figure class=\"wp-block-image size-large\"><a href=\"http:\/\/smartmodels.pl\/wp-content\/uploads\/2021\/01\/sm_track1L.jpg\"><img loading=\"lazy\" width=\"1024\" height=\"576\" src=\"http:\/\/smartmodels.pl\/wp-content\/uploads\/2021\/01\/sm_track1L-1024x576.jpg\" alt=\"\" class=\"wp-image-688\" srcset=\"https:\/\/smartmodels.pl\/wp-content\/uploads\/2021\/01\/sm_track1L-1024x576.jpg 1024w, https:\/\/smartmodels.pl\/wp-content\/uploads\/2021\/01\/sm_track1L-300x169.jpg 300w, https:\/\/smartmodels.pl\/wp-content\/uploads\/2021\/01\/sm_track1L-768x432.jpg 768w, https:\/\/smartmodels.pl\/wp-content\/uploads\/2021\/01\/sm_track1L-1536x864.jpg 1536w, https:\/\/smartmodels.pl\/wp-content\/uploads\/2021\/01\/sm_track1L.jpg 1920w\" sizes=\"(max-width: 767px) 89vw, (max-width: 1000px) 54vw, (max-width: 1071px) 543px, 580px\" \/><\/a><\/figure>\n\n\n\n<div class=\"wp-block-columns\">\n<div class=\"wp-block-column\">\n<figure class=\"wp-block-image size-large\"><a href=\"http:\/\/smartmodels.pl\/wp-content\/uploads\/2021\/01\/sm_track2L.jpg\"><img loading=\"lazy\" width=\"1024\" height=\"576\" src=\"http:\/\/smartmodels.pl\/wp-content\/uploads\/2021\/01\/sm_track2L-1024x576.jpg\" alt=\"\" class=\"wp-image-686\" srcset=\"https:\/\/smartmodels.pl\/wp-content\/uploads\/2021\/01\/sm_track2L-1024x576.jpg 1024w, https:\/\/smartmodels.pl\/wp-content\/uploads\/2021\/01\/sm_track2L-300x169.jpg 300w, https:\/\/smartmodels.pl\/wp-content\/uploads\/2021\/01\/sm_track2L-768x432.jpg 768w, https:\/\/smartmodels.pl\/wp-content\/uploads\/2021\/01\/sm_track2L-1536x864.jpg 1536w, https:\/\/smartmodels.pl\/wp-content\/uploads\/2021\/01\/sm_track2L.jpg 1920w\" sizes=\"(max-width: 767px) 89vw, (max-width: 1000px) 54vw, (max-width: 1071px) 543px, 580px\" \/><\/a><\/figure>\n<\/div>\n\n\n\n<div class=\"wp-block-column\">\n<figure class=\"wp-block-image size-large\"><a href=\"http:\/\/smartmodels.pl\/wp-content\/uploads\/2021\/01\/sm_track3L.jpg\"><img loading=\"lazy\" width=\"1024\" height=\"576\" src=\"http:\/\/smartmodels.pl\/wp-content\/uploads\/2021\/01\/sm_track3L-1024x576.jpg\" alt=\"\" class=\"wp-image-687\" srcset=\"https:\/\/smartmodels.pl\/wp-content\/uploads\/2021\/01\/sm_track3L-1024x576.jpg 1024w, https:\/\/smartmodels.pl\/wp-content\/uploads\/2021\/01\/sm_track3L-300x169.jpg 300w, https:\/\/smartmodels.pl\/wp-content\/uploads\/2021\/01\/sm_track3L-768x432.jpg 768w, https:\/\/smartmodels.pl\/wp-content\/uploads\/2021\/01\/sm_track3L-1536x864.jpg 1536w, https:\/\/smartmodels.pl\/wp-content\/uploads\/2021\/01\/sm_track3L.jpg 1920w\" sizes=\"(max-width: 767px) 89vw, (max-width: 1000px) 54vw, (max-width: 1071px) 543px, 580px\" \/><\/a><\/figure>\n<\/div>\n<\/div>\n\n\n\n<p><\/p>\n","protected":false},"excerpt":{"rendered":"<p>Tor Model toru zosta\u0142 zaprojektowany i zbudowany w Blenderze a nast\u0119pnie wykorzystany w symulatorze stworzonym w Unreal Engine 4. Jednocze\u015bnie powsta\u0142 tor rzeczywisty na kt\u00f3rym by\u0142y przeprowadzane eksperymenty i jazdy testowe. Parametry:&#8211; wymiary: 16m x 10m&#8211; szeroko\u015b\u0107: 2m&#8211; d\u0142ugo\u015b\u0107: ok 75m Model 3D w Blenderze. Model 3D w Unreal Engine 4. Tor rzeczywisty.<\/p>\n","protected":false},"author":1,"featured_media":0,"parent":60,"menu_order":0,"comment_status":"closed","ping_status":"closed","template":"","meta":[],"_links":{"self":[{"href":"https:\/\/smartmodels.pl\/index.php\/wp-json\/wp\/v2\/pages\/345"}],"collection":[{"href":"https:\/\/smartmodels.pl\/index.php\/wp-json\/wp\/v2\/pages"}],"about":[{"href":"https:\/\/smartmodels.pl\/index.php\/wp-json\/wp\/v2\/types\/page"}],"author":[{"embeddable":true,"href":"https:\/\/smartmodels.pl\/index.php\/wp-json\/wp\/v2\/users\/1"}],"replies":[{"embeddable":true,"href":"https:\/\/smartmodels.pl\/index.php\/wp-json\/wp\/v2\/comments?post=345"}],"version-history":[{"count":13,"href":"https:\/\/smartmodels.pl\/index.php\/wp-json\/wp\/v2\/pages\/345\/revisions"}],"predecessor-version":[{"id":794,"href":"https:\/\/smartmodels.pl\/index.php\/wp-json\/wp\/v2\/pages\/345\/revisions\/794"}],"up":[{"embeddable":true,"href":"https:\/\/smartmodels.pl\/index.php\/wp-json\/wp\/v2\/pages\/60"}],"wp:attachment":[{"href":"https:\/\/smartmodels.pl\/index.php\/wp-json\/wp\/v2\/media?parent=345"}],"curies":[{"name":"wp","href":"https:\/\/api.w.org\/{rel}","templated":true}]}}