{"id":349,"date":"2020-03-30T08:25:09","date_gmt":"2020-03-30T08:25:09","guid":{"rendered":"http:\/\/smartmodels.pl\/?page_id=349"},"modified":"2021-02-03T15:54:26","modified_gmt":"2021-02-03T13:54:26","slug":"smart-model-1-0-car-pl","status":"publish","type":"page","link":"https:\/\/smartmodels.pl\/index.php\/pl\/models-pl\/smart-model-1-0-car-pl\/","title":{"rendered":"SmartModel Car \u2013 samochod"},"content":{"rendered":"\n<h2>Samoch\u00f3d<\/h2>\n\n\n\n<hr class=\"wp-block-separator\"\/>\n\n\n\n<div class=\"wp-block-media-text alignwide is-stacked-on-mobile\"><figure class=\"wp-block-media-text__media\"><a href=\"http:\/\/smartmodels.pl\/wp-content\/uploads\/2021\/01\/sm_car_1L.jpg\"><img loading=\"lazy\" width=\"1024\" height=\"768\" src=\"http:\/\/smartmodels.pl\/wp-content\/uploads\/2021\/01\/sm_car_1L.jpg\" alt=\"\" class=\"wp-image-653\" srcset=\"https:\/\/smartmodels.pl\/wp-content\/uploads\/2021\/01\/sm_car_1L.jpg 1024w, https:\/\/smartmodels.pl\/wp-content\/uploads\/2021\/01\/sm_car_1L-300x225.jpg 300w, https:\/\/smartmodels.pl\/wp-content\/uploads\/2021\/01\/sm_car_1L-768x576.jpg 768w\" sizes=\"(max-width: 767px) 89vw, (max-width: 1000px) 54vw, (max-width: 1071px) 543px, 580px\" \/><\/a><\/figure><div class=\"wp-block-media-text__content\">\n<p style=\"font-size:15px\">Tak wygl\u0105da samoch\u00f3d po modyfikacjach.<\/p>\n\n\n\n<p style=\"font-size:15px\">Na zdj\u0119ciu widoczna jest m.in. kamera oraz ultrad\u017awi\u0119kowy czujnik odleg\u0142o\u015bci umieszczony na przodzie.<\/p>\n<\/div><\/div>\n\n\n\n<div class=\"wp-block-media-text alignwide is-stacked-on-mobile\"><figure class=\"wp-block-media-text__media\"><a href=\"http:\/\/smartmodels.pl\/wp-content\/uploads\/2021\/01\/sm_car_2L.jpg\"><img loading=\"lazy\" width=\"1024\" height=\"768\" src=\"http:\/\/smartmodels.pl\/wp-content\/uploads\/2021\/01\/sm_car_2L.jpg\" alt=\"\" class=\"wp-image-669\" srcset=\"https:\/\/smartmodels.pl\/wp-content\/uploads\/2021\/01\/sm_car_2L.jpg 1024w, https:\/\/smartmodels.pl\/wp-content\/uploads\/2021\/01\/sm_car_2L-300x225.jpg 300w, https:\/\/smartmodels.pl\/wp-content\/uploads\/2021\/01\/sm_car_2L-768x576.jpg 768w\" sizes=\"(max-width: 767px) 89vw, (max-width: 1000px) 54vw, (max-width: 1071px) 543px, 580px\" \/><\/a><\/figure><div class=\"wp-block-media-text__content\">\n<p style=\"font-size:15px\">A tak wygl\u0105da samoch\u00f3d od wewn\u0105trz.<\/p>\n\n\n\n<p style=\"font-size:15px\">Na zdj\u0119ciu jest widoczny m.in. silnik, radiator od komputera Nvidia Jetson Nano oraz liczne przewody po\u0142\u0105czeniowe.<\/p>\n<\/div><\/div>\n","protected":false},"excerpt":{"rendered":"<p>Samoch\u00f3d Tak wygl\u0105da samoch\u00f3d po modyfikacjach. Na zdj\u0119ciu widoczna jest m.in. kamera oraz ultrad\u017awi\u0119kowy czujnik odleg\u0142o\u015bci umieszczony na przodzie. A tak wygl\u0105da samoch\u00f3d od wewn\u0105trz. Na zdj\u0119ciu jest widoczny m.in. silnik, radiator od komputera Nvidia Jetson Nano oraz liczne przewody po\u0142\u0105czeniowe.<\/p>\n","protected":false},"author":1,"featured_media":0,"parent":60,"menu_order":0,"comment_status":"closed","ping_status":"closed","template":"","meta":[],"_links":{"self":[{"href":"https:\/\/smartmodels.pl\/index.php\/wp-json\/wp\/v2\/pages\/349"}],"collection":[{"href":"https:\/\/smartmodels.pl\/index.php\/wp-json\/wp\/v2\/pages"}],"about":[{"href":"https:\/\/smartmodels.pl\/index.php\/wp-json\/wp\/v2\/types\/page"}],"author":[{"embeddable":true,"href":"https:\/\/smartmodels.pl\/index.php\/wp-json\/wp\/v2\/users\/1"}],"replies":[{"embeddable":true,"href":"https:\/\/smartmodels.pl\/index.php\/wp-json\/wp\/v2\/comments?post=349"}],"version-history":[{"count":15,"href":"https:\/\/smartmodels.pl\/index.php\/wp-json\/wp\/v2\/pages\/349\/revisions"}],"predecessor-version":[{"id":848,"href":"https:\/\/smartmodels.pl\/index.php\/wp-json\/wp\/v2\/pages\/349\/revisions\/848"}],"up":[{"embeddable":true,"href":"https:\/\/smartmodels.pl\/index.php\/wp-json\/wp\/v2\/pages\/60"}],"wp:attachment":[{"href":"https:\/\/smartmodels.pl\/index.php\/wp-json\/wp\/v2\/media?parent=349"}],"curies":[{"name":"wp","href":"https:\/\/api.w.org\/{rel}","templated":true}]}}