{"id":60,"date":"2020-03-28T21:32:39","date_gmt":"2020-03-28T21:32:39","guid":{"rendered":"http:\/\/smartmodels.pl\/?page_id=60"},"modified":"2021-02-03T14:19:27","modified_gmt":"2021-02-03T12:19:27","slug":"models-pl","status":"publish","type":"page","link":"https:\/\/smartmodels.pl\/index.php\/pl\/models-pl\/","title":{"rendered":"Modele"},"content":{"rendered":"\n<hr class=\"wp-block-separator\"\/>\n\n\n\n<div class=\"wp-block-media-text alignwide is-stacked-on-mobile\"><figure class=\"wp-block-media-text__media\"><a href=\"http:\/\/smartmodels.pl\/index.php\/pl\/models-pl\/sm-1-0-general-pl\/\"><img loading=\"lazy\" width=\"1024\" height=\"768\" src=\"http:\/\/smartmodels.pl\/wp-content\/uploads\/2021\/01\/sm_car_1L.jpg\" alt=\"\" class=\"wp-image-653\" srcset=\"https:\/\/smartmodels.pl\/wp-content\/uploads\/2021\/01\/sm_car_1L.jpg 1024w, https:\/\/smartmodels.pl\/wp-content\/uploads\/2021\/01\/sm_car_1L-300x225.jpg 300w, https:\/\/smartmodels.pl\/wp-content\/uploads\/2021\/01\/sm_car_1L-768x576.jpg 768w\" sizes=\"(max-width: 767px) 89vw, (max-width: 1000px) 54vw, (max-width: 1071px) 543px, 580px\" \/><\/a><\/figure><div class=\"wp-block-media-text__content\">\n<h2>SmartModel Car<\/h2>\n\n\n\n<p style=\"font-size:14px\">To jest pierwszy projekt &#8211; model zbudowany na bazie samochodu Traxxas Slash 2WD &#8211; bardzo popularnego modelu RC typu track w skali 1\/10.<\/p>\n\n\n\n<p style=\"font-size:14px\">Wi\u0119cej szczeg\u00f3\u0142\u00f3w jest <a href=\"http:\/\/smartmodels.pl\/index.php\/pl\/models-pl\/sm-1-0-general-pl\/\">tutaj<\/a>.<\/p>\n<\/div><\/div>\n\n\n\n<hr class=\"wp-block-separator\"\/>\n\n\n\n<p><\/p>\n","protected":false},"excerpt":{"rendered":"<p>SmartModel Car To jest pierwszy projekt &#8211; model zbudowany na bazie samochodu Traxxas Slash 2WD &#8211; bardzo popularnego modelu RC typu track w skali 1\/10. Wi\u0119cej szczeg\u00f3\u0142\u00f3w jest tutaj.<\/p>\n","protected":false},"author":1,"featured_media":0,"parent":0,"menu_order":0,"comment_status":"closed","ping_status":"closed","template":"","meta":[],"_links":{"self":[{"href":"https:\/\/smartmodels.pl\/index.php\/wp-json\/wp\/v2\/pages\/60"}],"collection":[{"href":"https:\/\/smartmodels.pl\/index.php\/wp-json\/wp\/v2\/pages"}],"about":[{"href":"https:\/\/smartmodels.pl\/index.php\/wp-json\/wp\/v2\/types\/page"}],"author":[{"embeddable":true,"href":"https:\/\/smartmodels.pl\/index.php\/wp-json\/wp\/v2\/users\/1"}],"replies":[{"embeddable":true,"href":"https:\/\/smartmodels.pl\/index.php\/wp-json\/wp\/v2\/comments?post=60"}],"version-history":[{"count":24,"href":"https:\/\/smartmodels.pl\/index.php\/wp-json\/wp\/v2\/pages\/60\/revisions"}],"predecessor-version":[{"id":844,"href":"https:\/\/smartmodels.pl\/index.php\/wp-json\/wp\/v2\/pages\/60\/revisions\/844"}],"wp:attachment":[{"href":"https:\/\/smartmodels.pl\/index.php\/wp-json\/wp\/v2\/media?parent=60"}],"curies":[{"name":"wp","href":"https:\/\/api.w.org\/{rel}","templated":true}]}}