{"id":68,"date":"2020-03-28T21:35:41","date_gmt":"2020-03-28T21:35:41","guid":{"rendered":"http:\/\/smartmodels.pl\/?page_id=68"},"modified":"2021-02-02T15:29:05","modified_gmt":"2021-02-02T13:29:05","slug":"partners-pl","status":"publish","type":"page","link":"https:\/\/smartmodels.pl\/index.php\/pl\/partners-pl\/","title":{"rendered":"Partnerzy"},"content":{"rendered":"\n<hr class=\"wp-block-separator\"\/>\n\n\n\n<div class=\"wp-block-media-text alignwide\" style=\"grid-template-columns:38% auto\"><figure class=\"wp-block-media-text__media\"><a href=\"http:\/\/smartmodels.pl\/index.php\/pl\/contact-pl\/\"><img loading=\"lazy\" width=\"1024\" height=\"714\" src=\"http:\/\/smartmodels.pl\/wp-content\/uploads\/2021\/02\/SmartModel_cooperation-1.jpg\" alt=\"\" class=\"wp-image-812\" srcset=\"https:\/\/smartmodels.pl\/wp-content\/uploads\/2021\/02\/SmartModel_cooperation-1.jpg 1024w, https:\/\/smartmodels.pl\/wp-content\/uploads\/2021\/02\/SmartModel_cooperation-1-300x209.jpg 300w, https:\/\/smartmodels.pl\/wp-content\/uploads\/2021\/02\/SmartModel_cooperation-1-768x536.jpg 768w\" sizes=\"(max-width: 767px) 89vw, (max-width: 1000px) 54vw, (max-width: 1071px) 543px, 580px\" \/><\/a><\/figure><div class=\"wp-block-media-text__content\">\n<h2>Wsp\u00f3\u0142praca<\/h2>\n\n\n\n<p style=\"font-size:15px\">Je\u017celi jeste\u015b zainteresowany wsp\u00f3\u0142prac\u0105 lub chcia\u0142by\u015b wesprze\u0107 SmartModels to zapraszam do <a href=\"http:\/\/smartmodels.pl\/index.php\/pl\/contact-pl\/\">kontaktu<\/a>.<\/p>\n<\/div><\/div>\n\n\n\n<hr class=\"wp-block-separator\"\/>\n","protected":false},"excerpt":{"rendered":"<p>Wsp\u00f3\u0142praca Je\u017celi jeste\u015b zainteresowany wsp\u00f3\u0142prac\u0105 lub chcia\u0142by\u015b wesprze\u0107 SmartModels to zapraszam do kontaktu.<\/p>\n","protected":false},"author":1,"featured_media":0,"parent":0,"menu_order":0,"comment_status":"closed","ping_status":"closed","template":"","meta":[],"_links":{"self":[{"href":"https:\/\/smartmodels.pl\/index.php\/wp-json\/wp\/v2\/pages\/68"}],"collection":[{"href":"https:\/\/smartmodels.pl\/index.php\/wp-json\/wp\/v2\/pages"}],"about":[{"href":"https:\/\/smartmodels.pl\/index.php\/wp-json\/wp\/v2\/types\/page"}],"author":[{"embeddable":true,"href":"https:\/\/smartmodels.pl\/index.php\/wp-json\/wp\/v2\/users\/1"}],"replies":[{"embeddable":true,"href":"https:\/\/smartmodels.pl\/index.php\/wp-json\/wp\/v2\/comments?post=68"}],"version-history":[{"count":11,"href":"https:\/\/smartmodels.pl\/index.php\/wp-json\/wp\/v2\/pages\/68\/revisions"}],"predecessor-version":[{"id":813,"href":"https:\/\/smartmodels.pl\/index.php\/wp-json\/wp\/v2\/pages\/68\/revisions\/813"}],"wp:attachment":[{"href":"https:\/\/smartmodels.pl\/index.php\/wp-json\/wp\/v2\/media?parent=68"}],"curies":[{"name":"wp","href":"https:\/\/api.w.org\/{rel}","templated":true}]}}